{"id":26,"date":"2013-04-01T13:58:11","date_gmt":"2013-04-01T11:58:11","guid":{"rendered":"http:\/\/fv-bakum.de\/?page_id=26"},"modified":"2023-02-13T17:37:32","modified_gmt":"2023-02-13T15:37:32","slug":"so-werden-sie-mitglied-bei-uns","status":"publish","type":"page","link":"https:\/\/fv-bakum.de\/?page_id=26","title":{"rendered":"So werden Sie Mitglied bei uns"},"content":{"rendered":"<p>Du\u00a0 m\u00f6chtest bei uns Mitglied werden? Dann freuen wir uns. Rufe gleich bei unserem\u00a0 Vorsitzenden Andr\u00e9 Witgenfeld an. Jugendliche ab 12 Jahren k\u00f6nnen sich direkt beim Jugendwart anmelden. Die Adressen und Telefonnummern unseres Vorstands findest du unter <a href=\"http:\/\/fv-bakum.de\/?page_id=101\">Kontakt<\/a>.<\/p>\n<p>Zu einer Vereinsmitgliedschaft geh\u00f6rt nicht nur, dass man seinen Beitrag zahlt und die Vorteile eines Vereines nutzt. Es geh\u00f6rt auch dazu, dass man sich am Vereinsleben beteiligt. Ohne Mitarbeit m\u00f6glichst vieler Mitglieder kann kein Verein funktionieren. Bei einem Fischereiverein geh\u00f6rt dazu, dass man sich auch an Arbeitseins\u00e4tzen beteiligt. Nur so k\u00f6nnen wir die Vereinsgew\u00e4sser und Anlagen erhalten und die guten Voraussetzungen f\u00fcr alle Sportangler an unseren Gew\u00e4ssern garantieren. Jedes m\u00e4nnliche aktive Mitglied (Ausnahme: Schwerbehinderte, Senioren) ist bei uns grunds\u00e4tzlich verpflichtet, an Arbeitsdiensten teilzunehmen.<\/p>\n<p>Wir freuen uns, wenn Du als Mitglied auch an unseren geselligen Veranstaltungen und am gemeinsamen Hegefischen teilnimmst.<\/p>\n","protected":false},"excerpt":{"rendered":"<p>Du\u00a0 m\u00f6chtest bei uns Mitglied werden? Dann freuen wir uns. Rufe gleich bei unserem\u00a0 Vorsitzenden Andr\u00e9 Witgenfeld an. Jugendliche ab 12 Jahren k\u00f6nnen sich direkt beim Jugendwart anmelden. Die Adressen und Telefonnummern unseres Vorstands findest du unter Kontakt. Zu einer Vereinsmitgliedschaft geh\u00f6rt nicht nur, dass man seinen Beitrag zahlt und die Vorteile eines Vereines nutzt. [&hellip;]<\/p>\n","protected":false},"author":3,"featured_media":0,"parent":13,"menu_order":0,"comment_status":"closed","ping_status":"closed","template":"","meta":{"footnotes":""},"class_list":["post-26","page","type-page","status-publish","hentry"],"_links":{"self":[{"href":"https:\/\/fv-bakum.de\/index.php?rest_route=\/wp\/v2\/pages\/26","targetHints":{"allow":["GET"]}}],"collection":[{"href":"https:\/\/fv-bakum.de\/index.php?rest_route=\/wp\/v2\/pages"}],"about":[{"href":"https:\/\/fv-bakum.de\/index.php?rest_route=\/wp\/v2\/types\/page"}],"author":[{"embeddable":true,"href":"https:\/\/fv-bakum.de\/index.php?rest_route=\/wp\/v2\/users\/3"}],"replies":[{"embeddable":true,"href":"https:\/\/fv-bakum.de\/index.php?rest_route=%2Fwp%2Fv2%2Fcomments&post=26"}],"version-history":[{"count":20,"href":"https:\/\/fv-bakum.de\/index.php?rest_route=\/wp\/v2\/pages\/26\/revisions"}],"predecessor-version":[{"id":2990,"href":"https:\/\/fv-bakum.de\/index.php?rest_route=\/wp\/v2\/pages\/26\/revisions\/2990"}],"up":[{"embeddable":true,"href":"https:\/\/fv-bakum.de\/index.php?rest_route=\/wp\/v2\/pages\/13"}],"wp:attachment":[{"href":"https:\/\/fv-bakum.de\/index.php?rest_route=%2Fwp%2Fv2%2Fmedia&parent=26"}],"curies":[{"name":"wp","href":"https:\/\/api.w.org\/{rel}","templated":true}]}}