{"id":133,"date":"2013-04-02T09:35:17","date_gmt":"2013-04-02T07:35:17","guid":{"rendered":"http:\/\/fv-bakum.de\/?page_id=133"},"modified":"2013-04-02T09:35:17","modified_gmt":"2013-04-02T07:35:17","slug":"naturschutzaktivitaten-des-fischereivereins-bakum","status":"publish","type":"page","link":"https:\/\/fv-bakum.de\/?page_id=133","title":{"rendered":"Naturschutzaktivit\u00e4ten des Fischereivereins Bakum"},"content":{"rendered":"<p>Naturschutz wird gro\u00df geschrieben im Fischereiverein Bakum. Sportangler wissen: Gesunde und artenreiche Fischbest\u00e4nde sind nur in einer gesunden Umwelt m\u00f6glich. Deshalb beteiligen sich Sportfischer sehr umfangreich an Naturschutzma\u00dfnahmen.<\/p>\n<p>&#8211; Vogeschutzzone:\u00a0 Am Harmer M\u00e4useturm See hat der Fischereiverein eine Vogeschutzzone einrichtet, die zu bestimmten Zeiten nicht betreten werden darf, damit unsere gefiederten Freunde in Ruhe ihren Nachwuchs aufziehen k\u00f6nnen. Eine Gruppe betreut zahlreiche Nistk\u00e4stchen, die unser Verein aufgehangen hat. Sie werden regelm\u00e4\u00dfig gereinigt und erneuert.<\/p>\n<p>-Vogelschutzlehrpfad: -rund um den M\u00e4useturm See hat Fischereiverein einen Lehrpfad geschaffen. Wanderer werden auf Schrifttafeln infomiert, welche V\u00f6gel und Fische im und am Wasser leben.<\/p>\n<p>&#8211; Aktion sauberes Ufer: Regelm\u00e4\u00dfig sammeln Sportfischer den M\u00fcll an den Uferzonen ihrer Gew\u00e4sser auf. Leider kommt dabei immer wieder viel Unrat zusammen. Einen Anh\u00e4nger M\u00fcll bringen die Angler dorthin, wo er eigentlich hin geh\u00f6rt, zur M\u00fclldeponie.<\/p>\n","protected":false},"excerpt":{"rendered":"<p>Naturschutz wird gro\u00df geschrieben im Fischereiverein Bakum. Sportangler wissen: Gesunde und artenreiche Fischbest\u00e4nde sind nur in einer gesunden Umwelt m\u00f6glich. Deshalb beteiligen sich Sportfischer sehr umfangreich an Naturschutzma\u00dfnahmen. &#8211; Vogeschutzzone:\u00a0 Am Harmer M\u00e4useturm See hat der Fischereiverein eine Vogeschutzzone einrichtet, die zu bestimmten Zeiten nicht betreten werden darf, damit unsere gefiederten Freunde in Ruhe ihren [&hellip;]<\/p>\n","protected":false},"author":3,"featured_media":0,"parent":13,"menu_order":0,"comment_status":"closed","ping_status":"closed","template":"","meta":{"footnotes":""},"class_list":["post-133","page","type-page","status-publish","hentry"],"_links":{"self":[{"href":"https:\/\/fv-bakum.de\/index.php?rest_route=\/wp\/v2\/pages\/133","targetHints":{"allow":["GET"]}}],"collection":[{"href":"https:\/\/fv-bakum.de\/index.php?rest_route=\/wp\/v2\/pages"}],"about":[{"href":"https:\/\/fv-bakum.de\/index.php?rest_route=\/wp\/v2\/types\/page"}],"author":[{"embeddable":true,"href":"https:\/\/fv-bakum.de\/index.php?rest_route=\/wp\/v2\/users\/3"}],"replies":[{"embeddable":true,"href":"https:\/\/fv-bakum.de\/index.php?rest_route=%2Fwp%2Fv2%2Fcomments&post=133"}],"version-history":[{"count":1,"href":"https:\/\/fv-bakum.de\/index.php?rest_route=\/wp\/v2\/pages\/133\/revisions"}],"predecessor-version":[{"id":134,"href":"https:\/\/fv-bakum.de\/index.php?rest_route=\/wp\/v2\/pages\/133\/revisions\/134"}],"up":[{"embeddable":true,"href":"https:\/\/fv-bakum.de\/index.php?rest_route=\/wp\/v2\/pages\/13"}],"wp:attachment":[{"href":"https:\/\/fv-bakum.de\/index.php?rest_route=%2Fwp%2Fv2%2Fmedia&parent=133"}],"curies":[{"name":"wp","href":"https:\/\/api.w.org\/{rel}","templated":true}]}}