{"id":13,"date":"2013-04-01T13:03:14","date_gmt":"2013-04-01T11:03:14","guid":{"rendered":"http:\/\/fv-bakum.de\/?page_id=13"},"modified":"2013-04-03T14:22:41","modified_gmt":"2013-04-03T12:22:41","slug":"uber-den-fischereiverein-bakum","status":"publish","type":"page","link":"https:\/\/fv-bakum.de\/?page_id=13","title":{"rendered":"Alles \u00fcber den Verein"},"content":{"rendered":"<p><a href=\"http:\/\/fv-bakum.de\/?page_id=23\">Beitr\u00e4ge und Geb\u00fchren<\/a> |\u00a0 <a href=\"http:\/\/fv-bakum.de\/?page_id=20\">Vereinsgew\u00e4sser<\/a>\u00a0 |\u00a0 <a href=\"http:\/\/fv-bakum.de\/?page_id=123\">Jugendabteilung<\/a> |\u00a0 <a href=\"http:\/\/fv-bakum.de\/?page_id=26\">So werden Sie Mitglied<\/a>\u00a0 | <a href=\"http:\/\/fv-bakum.de\/?page_id=101\">Kontakt \/ Impressum<\/a><\/p>\n<p>Ca. 300 Mitglieder betreiben den Angelsport im Fischereiverein der <a href=\"http:\/\/www.bakum.de\/\" target=\"_blank\"> Gemeinde Bakum<\/a> im Norden des <a href=\"http:\/\/www.landkreis-vechta.de\/\" target=\"_blank\"> Landkreises Vechta<\/a>\u00a0 (an der Autobahn A 1 &#8222;Hansaline&#8220; zwischen Bremen und Osnabr\u00fcck).<\/p>\n<p>F\u00fcr die Sportfischerei sind gute Voraussetzungen vorhanden. Nicht nur an den eigenen liebevoll gepflegten\u00a0 Vereinsgew\u00e4ssern bieten sich den Mitgliedern und G\u00e4sten des Vereins gute Angelm\u00f6glichkeiten, auch an zahlreichen anderen Gew\u00e4ssern des Landkreises Vechta k\u00f6nnen Mitglieder des Fischereivereins der Gemeinde Bakum angeln.\u00a0 Aber den Mitgliedern des Vereins geht es mehr als nur um das Angeln . Sie legen darauf Wert, dass ihre Gew\u00e4sser naturnah erhalten werden. Mit zahlreichen Ma\u00dfnahmen zur Naturerhaltung tragen sie dem Rechnung. Das ganze macht am meisten gemeinsam Spa\u00df! Bei gemeinsamen Angeln, Arbeitsdiensten und gem\u00fctlichen Zusammensein nach dem Angeln oder bei Vereinsveranstaltungen trifft man nette Leute. Der Fischereiverein Bakum hat auch eine aktive Jugendabteilung! Jugendliche k\u00f6nnen im Alter ab 12 Jahren bei uns mitmachen &#8211; und mit Gleichaltrigen was sinnvolles erleben!<\/p>\n","protected":false},"excerpt":{"rendered":"<p>Beitr\u00e4ge und Geb\u00fchren |\u00a0 Vereinsgew\u00e4sser\u00a0 |\u00a0 Jugendabteilung |\u00a0 So werden Sie Mitglied\u00a0 | Kontakt \/ Impressum Ca. 300 Mitglieder betreiben den Angelsport im Fischereiverein der Gemeinde Bakum im Norden des Landkreises Vechta\u00a0 (an der Autobahn A 1 &#8222;Hansaline&#8220; zwischen Bremen und Osnabr\u00fcck). F\u00fcr die Sportfischerei sind gute Voraussetzungen vorhanden. Nicht nur an den eigenen liebevoll [&hellip;]<\/p>\n","protected":false},"author":3,"featured_media":0,"parent":0,"menu_order":0,"comment_status":"closed","ping_status":"closed","template":"","meta":{"footnotes":""},"class_list":["post-13","page","type-page","status-publish","hentry"],"_links":{"self":[{"href":"https:\/\/fv-bakum.de\/index.php?rest_route=\/wp\/v2\/pages\/13","targetHints":{"allow":["GET"]}}],"collection":[{"href":"https:\/\/fv-bakum.de\/index.php?rest_route=\/wp\/v2\/pages"}],"about":[{"href":"https:\/\/fv-bakum.de\/index.php?rest_route=\/wp\/v2\/types\/page"}],"author":[{"embeddable":true,"href":"https:\/\/fv-bakum.de\/index.php?rest_route=\/wp\/v2\/users\/3"}],"replies":[{"embeddable":true,"href":"https:\/\/fv-bakum.de\/index.php?rest_route=%2Fwp%2Fv2%2Fcomments&post=13"}],"version-history":[{"count":11,"href":"https:\/\/fv-bakum.de\/index.php?rest_route=\/wp\/v2\/pages\/13\/revisions"}],"predecessor-version":[{"id":163,"href":"https:\/\/fv-bakum.de\/index.php?rest_route=\/wp\/v2\/pages\/13\/revisions\/163"}],"wp:attachment":[{"href":"https:\/\/fv-bakum.de\/index.php?rest_route=%2Fwp%2Fv2%2Fmedia&parent=13"}],"curies":[{"name":"wp","href":"https:\/\/api.w.org\/{rel}","templated":true}]}}