{"id":123,"date":"2013-04-02T09:07:42","date_gmt":"2013-04-02T07:07:42","guid":{"rendered":"http:\/\/fv-bakum.de\/?page_id=123"},"modified":"2019-08-09T21:00:56","modified_gmt":"2019-08-09T19:00:56","slug":"jugendabteilung-im-fischereiverein-bakum","status":"publish","type":"page","link":"https:\/\/fv-bakum.de\/?page_id=123","title":{"rendered":"Jugendabteilung im Fischereiverein Bakum"},"content":{"rendered":"<p>Mit ca. 30 Junganglern ist die Jugendabteilung im Fischereiverein Bakum eine ganz starke Truppe. Sie geh\u00f6rt zu den gr\u00f6\u00dften Junganglergruppen im Kreis Vechta.\u00a0Die Jugendabteilung unternimmt sehr viel. Zum Beispiel finden spannende Nachtangeln oder auch tags\u00fcber gemeinsame Angelveranstaltungen statt. Unsere erfahrenen Jugendwarte zeigen euch Tricks, wie man erfolgreich einen Fisch an\u00a0den Haken\u00a0bekommt. <strong>Wenn du 12 Jahre alt bist und in unserer Jugendabteilung dabei sein m\u00f6chtest,\u00a0 melde dich bei unserem Jugendwart\u00a0 an <\/strong>(die Telefonnummer findest du unter <a href=\"http:\/\/fv-bakum.de\/?page_id=101\">Kontakt<\/a>). Dort erh\u00e4ltst du deinen Mitgliedsausweis (Fischereierlaubnisschein Jungangler). Der Jahresbeitrag kostet zur Zeit 12 Euro. Unsere Jugendabteilung beschlie\u00dft selbst, was gemeinsam unternommen werden soll. Zum Beispiel eine Fahrt zu einer Angelmesse, oder einen Film ansehen oder gemeinsam grillen. Du bist mit deinen Freunden zusammen und lernst neue Freunde kennen. Unsere Jungangler haben auch eine eigene Facebookgruppe, in der sie sich verabreden. Die Jugendabteilung unterst\u00fctzt die Aktiven bei Arbeitseins\u00e4tzen. Wer regelm\u00e4\u00dfig an Gemeinschaftsangeln und Arbeitseins\u00e4tzen teilnimmt, kann sogar etwas gewinnen. Es lohnt sich also dabei mit zu machen. Wenn du mitmachen m\u00f6chtest und schon 12 Jahre alt bist, melde dich bei unserem\u00a0Jugendwart an.<\/p>\n","protected":false},"excerpt":{"rendered":"<p>Mit ca. 30 Junganglern ist die Jugendabteilung im Fischereiverein Bakum eine ganz starke Truppe. Sie geh\u00f6rt zu den gr\u00f6\u00dften Junganglergruppen im Kreis Vechta.\u00a0Die Jugendabteilung unternimmt sehr viel. Zum Beispiel finden spannende Nachtangeln oder auch tags\u00fcber gemeinsame Angelveranstaltungen statt. Unsere erfahrenen Jugendwarte zeigen euch Tricks, wie man erfolgreich einen Fisch an\u00a0den Haken\u00a0bekommt. Wenn du 12 Jahre [&hellip;]<\/p>\n","protected":false},"author":3,"featured_media":0,"parent":13,"menu_order":0,"comment_status":"closed","ping_status":"closed","template":"","meta":{"footnotes":""},"class_list":["post-123","page","type-page","status-publish","hentry"],"_links":{"self":[{"href":"https:\/\/fv-bakum.de\/index.php?rest_route=\/wp\/v2\/pages\/123","targetHints":{"allow":["GET"]}}],"collection":[{"href":"https:\/\/fv-bakum.de\/index.php?rest_route=\/wp\/v2\/pages"}],"about":[{"href":"https:\/\/fv-bakum.de\/index.php?rest_route=\/wp\/v2\/types\/page"}],"author":[{"embeddable":true,"href":"https:\/\/fv-bakum.de\/index.php?rest_route=\/wp\/v2\/users\/3"}],"replies":[{"embeddable":true,"href":"https:\/\/fv-bakum.de\/index.php?rest_route=%2Fwp%2Fv2%2Fcomments&post=123"}],"version-history":[{"count":13,"href":"https:\/\/fv-bakum.de\/index.php?rest_route=\/wp\/v2\/pages\/123\/revisions"}],"predecessor-version":[{"id":2528,"href":"https:\/\/fv-bakum.de\/index.php?rest_route=\/wp\/v2\/pages\/123\/revisions\/2528"}],"up":[{"embeddable":true,"href":"https:\/\/fv-bakum.de\/index.php?rest_route=\/wp\/v2\/pages\/13"}],"wp:attachment":[{"href":"https:\/\/fv-bakum.de\/index.php?rest_route=%2Fwp%2Fv2%2Fmedia&parent=123"}],"curies":[{"name":"wp","href":"https:\/\/api.w.org\/{rel}","templated":true}]}}